{"id":4451,"date":"2023-12-16T22:35:19","date_gmt":"2023-12-16T21:35:19","guid":{"rendered":"https:\/\/itcgaming.fr\/?page_id=4451"},"modified":"2023-12-16T23:33:43","modified_gmt":"2023-12-16T22:33:43","slug":"charte-de-protection-des-donnees","status":"publish","type":"page","link":"https:\/\/itcgaming.fr\/?page_id=4451","title":{"rendered":"Protection des Donn\u00e9es"},"content":{"rendered":"<section class=\"wpb-content-wrapper\"><p>[vc_row][vc_column][vc_column_text]<\/p>\n<h2 class=\"shortcode_title title_636991106 secondary_font vc_custom_1446817489642\">Protection des Donn\u00e9es<\/h2>\n<h3 class=\"pic_h3\">Une relation de confiance entre <a href=\"https:\/\/itcgaming.fr\/\"><strong>ITCGAMING.FR<\/strong><\/a> et ses clients<\/h3>\n<p class=\"pic_h3\"><a href=\"https:\/\/itcgaming.fr\/\"><strong>ITCGAMING.FR<\/strong><\/a> existe gr\u00e2ce \u00e0 ses partenaires cl\u00e9s \u2013 c\u2019est-\u00e0-dire vous, nos clients. Notre concept repose sur la satisfaction et la fid\u00e9lit\u00e9 de nos clients. Sans vous, <a href=\"https:\/\/itcgaming.fr\/\"><strong>ITCGAMING.FR<\/strong><\/a> n\u2019existerait pas. Ce partenariat englobe, int\u00e8gre et s\u2019articule autour de la fa\u00e7on dont nous traitons vos informations personnelles et la transparence de nos actions sur ces donn\u00e9es.<\/p>\n<p><a href=\"https:\/\/itcgaming.fr\/\"><strong>ITCGAMING.FR<\/strong><\/a>, ses collaborateurs et partenaires portent une attention toute particuli\u00e8re \u00e0 la protection des donn\u00e9es personnelles de ses clients.<br \/>\nD\u00e8s lors, nous nous engageons \u00e0 respecter le R\u00e8glement de l\u2019Union Europ\u00e9enne (UE) 2016\/679 du 27 avril 2016 dit R\u00e8glement G\u00e9n\u00e9ral de Protection des Donn\u00e9es (RGPD) ainsi que la derni\u00e8re version de la loi n\u00b0 78-17 du 6 janvier 1978 relative \u00e0 l&#8217;informatique, aux fichiers et aux libert\u00e9s, vot\u00e9e par l\u2019assembl\u00e9e nationale le 14 mai 2018. Les engagements, d\u00e9crits dans la pr\u00e9sente charte de protection des donn\u00e9es personnelles, r\u00e9pondent aux valeurs et aux principes de comportement de <a href=\"https:\/\/itcgaming.fr\/\"><strong>ITCGAMING.FR<\/strong><\/a>. En utilisant le site <a href=\"https:\/\/itcgaming.fr\/\"><strong>ITCGAMING.FR<\/strong><\/a>, vous acceptez la collecte et l\u2019utilisation de vos donn\u00e9es personnelles de la mani\u00e8re d\u00e9crite dans la pr\u00e9sente Charte de protection des donn\u00e9es.[\/vc_column_text][\/vc_column][\/vc_row][vc_row][vc_column][vc_separator color=&#8221;custom&#8221; accent_color=&#8221;rgba(10,10,10,0.05)&#8221;][\/vc_column][\/vc_row][vc_row][vc_column][vc_column_text]<\/p>\n<h2>Champ d\u2019Application<\/h2>\n<p>La pr\u00e9sente Charte de protection des donn\u00e9es d\u00e9crit de quelle mani\u00e8re le responsable de traitements, de la <strong>SASU<\/strong> IT Monaco -Informatique Technologie Consulting, situ\u00e9e au : <a href=\"https:\/\/maps.app.goo.gl\/obDmNnicUDJSMYYz7\">1040, Chemin de la Bastide Rouge &#8211; 06570 Saint Paul de Vence<\/a>, t\u00e9l. <a href=\"tel:+33422138088\">+33 (0)4 22 13 80 88<\/a>, e-mail <a href=\"mailot:contact@itcgaming.fr\">contact[a]itcgaming.fr<\/a> repr\u00e9sent\u00e9e par Mr Morgan CARLIER, son g\u00e9rant, traitent vos donn\u00e9es personnelles lorsque vous utilisez notre site internet. Notre charte couvre \u00e9galement les autres canaux de collecte de vos donn\u00e9es personnelles, notamment par t\u00e9l\u00e9phone lorsque vous contactez notre service client. Chaque solution ou service traitant vos donn\u00e9es personnelles peut, dans ses propres conditions g\u00e9n\u00e9rales d\u2019utilisation, avoir des r\u00e8gles de confidentialit\u00e9 compl\u00e9mentaires \u00e0 la pr\u00e9sente charte. Dans le cadre de l\u2019application du RGPD.[\/vc_column_text][\/vc_column][\/vc_row][vc_row][vc_column][vc_separator color=&#8221;custom&#8221; accent_color=&#8221;rgba(10,10,10,0.05)&#8221;][\/vc_column][\/vc_row][vc_row][vc_column][vc_column_text]<\/p>\n<h2 class=\"pic_h3\"><a href=\"https:\/\/itcgaming.fr\/\"><strong>ITCGAMING.FR<\/strong><\/a> Traite Vos Donn\u00e9es Personnelles Pour Mieux Vous Servir<\/h2>\n<p class=\"pic_h3\">Le responsable de traitement est la personne en charge d\u2019un ou de plusieurs traitements de donn\u00e9es \u00e0 caract\u00e8re personnel dont il d\u00e9termine les finalit\u00e9s et les moyens. <a href=\"https:\/\/itcgaming.fr\/\"><strong>ITCGAMING.FR<\/strong><\/a> est responsable de l\u2019ensemble des traitements de vos donn\u00e9es personnelles entrant dans le champ d\u2019application mentionn\u00e9 ci-dessus.<\/p>\n<h4 class=\"pic_h5\">Dans le Cadre de Ces Traitements, Vos Donn\u00e9es Collect\u00e9es Peuvent \u00eatre, Notamment, les Suivantes :<\/h4>\n<p>\u2013 Votre pr\u00e9nom, nom, adresse, date de naissance, e-mail, t\u00e9l\u00e9phone ;<br \/>\n\u2013 Vos donn\u00e9es de localisation ;<br \/>\n\u2013 Votre adresse de facturation et\/ou de livraison ;<br \/>\n\u2013 Vos informations d\u2019ordre financier (ex : num\u00e9ro de carte bancaire) ;<br \/>\n\u2013 Adresse IP\/Mac ;<br \/>\n\u2013 T\u00e9moins de connexions \u201ccookies\u201d ;<br \/>\n\u2013 Donn\u00e9es de connexion et de navigation ;<br \/>\n\u2013 L\u2019historique de vos achats de produits <a href=\"https:\/\/itcgaming.fr\/\"><strong>ITCGAMING.FR<\/strong><\/a> ;<br \/>\n\u2013 D\u2019autres informations que vous souhaitez nous communiquer.<\/p>\n<p>Le caract\u00e8re obligatoire ou facultatif des donn\u00e9es vous est signal\u00e9 lors de la collecte par un ast\u00e9risque. Sachez que certaines donn\u00e9es sont collect\u00e9es automatiquement du fait de vos actions sur le site <a href=\"https:\/\/itcgaming.fr\/\"><strong>ITCGAMING.FR<\/strong><\/a>.<\/p>\n<p>Pourquoi <a href=\"https:\/\/itcgaming.fr\/\"><strong>ITCGAMING.FR<\/strong><\/a> collecte vos donn\u00e9es ?<\/p>\n<h4>Pour les Finalit\u00e9s Suivantes, Nous Demandons Votre Consentement :<\/h4>\n<p>\u2013 G\u00e9olocalisation ;<br \/>\n\u2013 Enqu\u00eates de satisfaction ;<br \/>\n\u2013 Prospections et informations commerciales;<br \/>\n\u2013 Publicit\u00e9 cibl\u00e9e (Cf. Politique de cookies) ;<br \/>\n\u2013 Participation \u00e0 un jeu-concours ;<br \/>\n\u2013 Gestion des avis clients sur nos produits ;<br \/>\n\u2013 Offres sp\u00e9ciales, promotions, coupons et garanties ;<br \/>\n\u2013 Newsletter.<\/p>\n<h4>Pour les Finalit\u00e9s Suivantes, Vos Donn\u00e9es Sont Trait\u00e9es Dans le Cadre d\u2019une Ex\u00e9cution du Contrat Vous Liant \u00e0 <a href=\"https:\/\/itcgaming.fr\/\"><strong>ITCGAMING.FR<\/strong><\/a> :<\/h4>\n<p>\u2013 L\u2019achat en ligne ;<br \/>\n\u2013 Liste d\u2019achats ;<br \/>\n\u2013 a livraison ;<br \/>\n\u2013 La facturation ;<br \/>\n\u2013 Et d\u2019autres services et prestations que <a href=\"https:\/\/itcgaming.fr\/\"><strong>ITCGAMING.FR<\/strong><\/a> mettra \u00e0 votre disposition.<\/p>\n<h4>Pour les Finalit\u00e9s Suivantes, Vos Donn\u00e9es Sont N\u00e9cessaires Aux Fins des Int\u00e9r\u00eats L\u00e9gitimes Poursuivis par <a href=\"https:\/\/itcgaming.fr\/\"><strong>ITCGAMING.FR<\/strong><\/a> :<\/h4>\n<p>\u2013 Analyses statistiques ;<br \/>\n\u2013 Pour pr\u00e9venir et d\u00e9tecter les \u00e9ventuelles menaces contre la s\u00e9curit\u00e9 de nos visiteurs et de nos produits ou services ;<br \/>\n\u2013 Pour pr\u00e9venir de la fraude ou toute autre action illicite et se conformer \u00e0 nos obligations l\u00e9gales ;<br \/>\n\u2013 Les mises \u00e0 jour de notre site <a href=\"https:\/\/itcgaming.fr\/\"><strong>ITCGAMING.FR<\/strong><\/a><strong>.<\/strong><\/p>\n<h4>Les Moyens de la Collecte de Vos Donn\u00e9es Personnelles Sont :<\/h4>\n<p>Sur notre site <a href=\"https:\/\/itcgaming.fr\/\"><strong>ITCGAMING.FR<\/strong><\/a>, ces donn\u00e9es peuvent \u00eatre collect\u00e9es par le biais de formulaires que vous serez amen\u00e9s \u00e0 compl\u00e9ter.[\/vc_column_text][\/vc_column][\/vc_row][vc_row][vc_column][vc_separator color=&#8221;custom&#8221; accent_color=&#8221;rgba(10,10,10,0.05)&#8221;][\/vc_column][\/vc_row][vc_row][vc_column][vc_column_text]<\/p>\n<h2 class=\"pic_h3\">Dur\u00e9e de Conservation des Donn\u00e9es<\/h2>\n<p>Vos donn\u00e9es personnelles sont conserv\u00e9es le temps n\u00e9cessaire \u00e0 l\u2019accomplissement de l\u2019objectif poursuivi lors de leur collecte. Elles seront ensuite archiv\u00e9es avec un acc\u00e8s restreint pour une dur\u00e9e suppl\u00e9mentaire en lien avec les dur\u00e9es de prescription et de conservation l\u00e9gale pour des raisons strictement limit\u00e9es et autoris\u00e9es par la loi. Elles seront ensuite supprim\u00e9es.[\/vc_column_text][\/vc_column][\/vc_row][vc_row][vc_column][vc_separator color=&#8221;custom&#8221; accent_color=&#8221;rgba(10,10,10,0.05)&#8221;][\/vc_column][\/vc_row][vc_row][vc_column][vc_column_text]<\/p>\n<h2 class=\"pic_h3\">Destinataires de Vos Donn\u00e9es<\/h2>\n<p><a href=\"https:\/\/itcgaming.fr\/\"><strong>ITCGAMING.FR<\/strong><\/a>\u00a0ne divulgue pas vos donn\u00e9es personnelles \u00e0 d\u2019autres entreprises \u00e0 des fins de marketing. Il peut nous arriver parfois de recourir aux services d\u2019autres entreprises pour pouvoir vous servir encore mieux. Certaines de vos informations sont transmises \u00e0 des soci\u00e9t\u00e9s sous-traitantes pour la r\u00e9alisation de vos prestations, mais toujours avec des mesures de s\u00e9curit\u00e9 administratives, techniques et physiques afin de les prot\u00e9ger contre toute divulgation, utilisation, modification et destruction illicite par des tiers. Nous nous engageons \u00e0 assurer des contr\u00f4les de s\u00e9curit\u00e9 appropri\u00e9s pour prot\u00e9ger vos donn\u00e9es personnelles contre tout danger pr\u00e9visible. <a href=\"https:\/\/itcgaming.fr\/\"><strong>ITCGAMING.FR<\/strong><\/a> ne transf\u00e8re aucune de vos donn\u00e9es personnelles hors de l\u2019Union Europ\u00e9enne. La protection des donn\u00e9es de nos clients est une priorit\u00e9 pour <a href=\"https:\/\/itcgaming.fr\/\"><strong>ITCGAMING.FR<\/strong><\/a>.[\/vc_column_text][\/vc_column][\/vc_row][vc_row][vc_column][vc_separator color=&#8221;custom&#8221; accent_color=&#8221;rgba(10,10,10,0.05)&#8221;][\/vc_column][\/vc_row][vc_row][vc_column][vc_column_text]<\/p>\n<h2 class=\"pic_h3\"><a href=\"https:\/\/itcgaming.fr\/\"><strong>ITCGAMING.FR<\/strong><\/a> S\u00e9curise Vos Donn\u00e9es Personnelles<\/h2>\n<p><a href=\"https:\/\/itcgaming.fr\/\"><strong>ITCGAMING.FR<\/strong><\/a> s\u2019engage \u00e0 prot\u00e9ger la s\u00e9curit\u00e9, la confidentialit\u00e9 et l\u2019int\u00e9grit\u00e9 de vos donn\u00e9es personnelles fournies sur notre site picata.fr, gr\u00e2ce \u00e0 des mesures techniques et organisationnelles. <a href=\"https:\/\/itcgaming.fr\/\"><strong>ITCGAMING.FR<\/strong><\/a> a nomm\u00e9 un D\u00e9l\u00e9gu\u00e9 \u00e0 la Protection des Donn\u00e9es (DPD) dont la mission est de garantir la conformit\u00e9 des traitements que nous mettons en \u0153uvre, de tenir un registre des traitements r\u00e9alis\u00e9s par <a href=\"https:\/\/itcgaming.fr\/\"><strong>ITCGAMING.FR<\/strong><\/a> et leurs traitements, puis d\u2019assurer l\u2019exercice de vos droits.[\/vc_column_text][\/vc_column][\/vc_row][vc_row][vc_column][vc_separator color=&#8221;custom&#8221; accent_color=&#8221;rgba(10,10,10,0.05)&#8221;][\/vc_column][\/vc_row][vc_row][vc_column][vc_column_text]<\/p>\n<h2 class=\"pic_h3\">Protection de Vos Donn\u00e9es Bancaires<\/h2>\n<p>Pour nous assurer que votre carte bancaire ne fasse pas l\u2019objet d\u2019une utilisation malveillante et pr\u00e9venir toute cons\u00e9quence dommageable, <a href=\"https:\/\/itcgaming.fr\/\"><strong>ITCGAMING.FR<\/strong><\/a> a confi\u00e9 \u00e0 des entreprises externes, Paypal et\/ou Stripe, sp\u00e9cialis\u00e9es le soin de r\u00e9aliser les contr\u00f4les n\u00e9cessaires de mani\u00e8re confidentielle et s\u00e9curis\u00e9e. Les donn\u00e9es collect\u00e9es \u00e0 l\u2019occasion de ces contr\u00f4les concernent vos donn\u00e9es d\u2019identification (nom, adresse postale, adresse email, n\u00b0 de t\u00e9l\u00e9phone, adresse IP, etc.), les achats r\u00e9alis\u00e9s avec la carte (typologie, quantit\u00e9, montant\u2026) et les donn\u00e9es d\u2019identification de carte bancaire (n\u00b0 de carte, nom\u2026). <a href=\"https:\/\/itcgaming.fr\/\"><strong>ITCGAMING.FR<\/strong><\/a> s&#8217;interdit d&#8217;utiliser, d&#8217;exploiter ou de diffuser \u00e0 un tiers, \u00e0 titre gratuit ou on\u00e9reux, l&#8217;ensemble des donn\u00e9es collect\u00e9es dans un autre but que celui d&#8217;analyser le risque li\u00e9 \u00e0 une commande. En cas d\u2019alerte d\u2019utilisation potentiellement ill\u00e9gitime, le service client de nos sous-traitants Paypal et\/ou Stripe vous contacteront par email ou t\u00e9l\u00e9phone afin de proc\u00e9der \u00e0 une v\u00e9rification avant de valider l\u2019achat le cas \u00e9ch\u00e9ant ou bien pour vous proposer d\u2019utiliser un autre mode de paiement. En cas d\u2019utilisation ill\u00e9gitime entra\u00eenant un impay\u00e9, un courriel sera adress\u00e9 \u00e0 l\u2019adresse email indiqu\u00e9e lors de l\u2019enregistrement de la commande pour informer que les donn\u00e9es collect\u00e9es ont fait l\u2019objet d\u2019un enregistrement sur une liste d\u2019incidents de paiement. Les donn\u00e9es ayant fait l\u2019objet d\u2019une inscription sur cette liste ne pourront plus \u00eatre utilis\u00e9es pour passer des commandes sur notre site. Le client sera invit\u00e9 par email \u00e0 r\u00e9gulariser sa situation au plus vite pour pouvoir \u00eatre supprim\u00e9 de notre liste des incidents de paiement. En cochant la case \u00ab J\u2019accepte \u00bb dans la rubrique \u00ab Mode de Paiement \u00bb au moment de votre commande sur le site Internet <a href=\"https:\/\/itcgaming.fr\/\"><strong>ITCGAMING.FR<\/strong><\/a>, vous acceptez ces mesures de contr\u00f4le et les cons\u00e9quences qui peuvent en d\u00e9couler, notamment inscription des donn\u00e9es attach\u00e9es \u00e0 la transaction identifi\u00e9e comme ill\u00e9gitime sur une liste d\u2019exclusion. Si vous n\u2019acceptez pas ces mesures, veuillez contacter nous contacter au <a href=\"tel:+33422138088\">+33 (0)4 22 13 80 88<\/a>. Ces mesures de contr\u00f4le ne sont pas exclusives des \u00e9ventuels contr\u00f4les r\u00e9alis\u00e9s et d\u00e9cisions prises par ailleurs par l\u2019organisme bancaire et qui ne rel\u00e8vent pas de <a href=\"https:\/\/itcgaming.fr\/\"><strong>ITCGAMING.FR<\/strong><\/a>.[\/vc_column_text][\/vc_column][\/vc_row][vc_row][vc_column][vc_separator color=&#8221;custom&#8221; accent_color=&#8221;rgba(10,10,10,0.05)&#8221;][\/vc_column][\/vc_row][vc_row][vc_column][vc_column_text]<\/p>\n<h2 class=\"pic_h3\">Gestion de Vos Donn\u00e9es Personnelles<\/h2>\n<p>Chez <a href=\"https:\/\/itcgaming.fr\/\"><strong>ITCGAMING.FR<\/strong><\/a>, vous \u00eates ma\u00eetre de vos donn\u00e9es personnelles. Quand vous fournissez des informations personnelles \u00e0 <a href=\"https:\/\/itcgaming.fr\/\"><strong>ITCGAMING.FR<\/strong><\/a>, dans le cadre de la cr\u00e9ation d\u2019un compte utilisateur ou client, vous avez acc\u00e8s \u00e0 vos donn\u00e9es et vous pouvez les mettre \u00e0 jour, les modifier ou les supprimer \u00e0 tout moment.[\/vc_column_text][\/vc_column][\/vc_row][vc_row][vc_column][vc_separator color=&#8221;custom&#8221; accent_color=&#8221;rgba(10,10,10,0.05)&#8221;][\/vc_column][\/vc_row][vc_row][vc_column][vc_column_text]<\/p>\n<h2 class=\"pic_h3\">Vos Droits Relatifs \u00e0 la Protection de Vos Donn\u00e9es<\/h2>\n<p>Conform\u00e9ment \u00e0 la loi n\u00b0 78-17 du 6 janvier 1978 relative \u00e0 l&#8217;informatique, aux fichiers et aux libert\u00e9s, modifi\u00e9e par le R\u00e8glement europ\u00e9en 2016\/679 du 27 Avril 2016 relatif \u00e0 la protection des donn\u00e9es personnelles, vous disposez de plusieurs droits pour la gestion de vos donn\u00e9es.<\/p>\n<h4>Exercice des Droits d\u2019Acc\u00e8s \u00e0 Vos Donn\u00e9es<\/h4>\n<p>Vous pouvez demander \u00e0 <a href=\"https:\/\/itcgaming.fr\/\"><strong>ITCGAMING.FR<\/strong><\/a> d\u2019obtenir la confirmation que des donn\u00e9es personnelles vous concernant sont ou ne sont pas trait\u00e9es par nos services. Si elles le sont, vous pouvez en demander la copie sur la base des droits d\u2019acc\u00e8s d\u00e9finis ci-dessous :<\/p>\n<h4>Droit de rectification<\/h4>\n<p>Le droit de demander \u00e0 <a href=\"https:\/\/itcgaming.fr\/\"><strong>ITCGAMING.FR<\/strong><\/a> la modification de vos informations inexactes sur sa base de donn\u00e9es.<\/p>\n<h4>Droit \u00e0 l\u2019Effacement<\/h4>\n<p>Vous souhaitez que <a href=\"https:\/\/itcgaming.fr\/\"><strong>ITCGAMING.FR<\/strong><\/a> efface vos informations contenues dans nos bases de donn\u00e9es<\/p>\n<h4>Droit d\u2019Opposition et de Retrait de Consentement<\/h4>\n<p>Vous souhaitez ne pas ou ne plus appara\u00eetre sur un fichier de nos bases, vous le pouvez en exer\u00e7ant l\u2019un de ces droits \u00e0 tout moment.<\/p>\n<h4>Droit de Limitation du ou des Traitements<\/h4>\n<p>Vous pouvez demander la suspension d\u2019un traitement vous concernant le temps d\u2019une v\u00e9rification (exemple : pour l\u2019exercice du droit d\u2019opposition, <a href=\"https:\/\/itcgaming.fr\/\"><strong>ITCGAMING.FR<\/strong><\/a> doit v\u00e9rifier si des motifs l\u00e9gitimes justifieraient la poursuite du traitement).<\/p>\n<h4>Droit \u00e0 la Portabilit\u00e9<\/h4>\n<p>C\u2019est le droit d\u2019obtenir que ses donn\u00e9es personnelles soient transmises, dans un format structur\u00e9, couramment utilis\u00e9 et lisible pour l\u2019ordinateur, \u00e0 nous m\u00eame ou \u00e0 un autre responsable de traitement, lorsque cela est techniquement possible.<\/p>\n<h4>Droit \u00e0 l\u2019Oubli en Cas de D\u00e9c\u00e8s<\/h4>\n<p>Le droit de d\u00e9finir des directives relatives au sort de nos donn\u00e9es apr\u00e8s son d\u00e9c\u00e8s. Sans directive de votre part, apr\u00e8s un certain d\u00e9lai d\u2019inactivit\u00e9, <a href=\"https:\/\/itcgaming.fr\/\"><strong>ITCGAMING.FR<\/strong><\/a> supprime vos donn\u00e9es. N\u00e9anmoins, vos h\u00e9ritiers peuvent apr\u00e8s votre d\u00e9c\u00e8s exercer les droits sur vos donn\u00e9es.<\/p>\n<h4>Droit d\u2019Introduire une R\u00e9clamation Aupr\u00e8s de la CNIL<\/h4>\n<p>Vous pouvez introduire une r\u00e9clamation si vous consid\u00e9rez que le traitement de donn\u00e9es \u00e0 caract\u00e8re personnel vous concernant constitue une violation \u00e0 la r\u00e8glementation. Si vous souhaitez avoir des informations suppl\u00e9mentaires sur vos droits, et plus particuli\u00e8rement sur ce dernier droit, dirigez vous sur le site web de la Commission Nationale de l\u2019Informatique et des Libert\u00e9s.<\/p>\n<h4>Contact Pour l\u2019Exercice de Vos Droits<\/h4>\n<p><a href=\"https:\/\/itcgaming.fr\/\"><strong>ITCGAMING.FR<\/strong><\/a> se veut proche de ses clients. C\u2019est pourquoi nous ne m\u00e9nageons aucun effort pour vous assister. Pour toute question relative \u00e0 la pr\u00e9sente charte ou pour l\u2019exercice de vos droits, vous pouvez nous envoyer conform\u00e9ment \u00e0 la r\u00e9glementation, une demande accompagn\u00e9e d\u2019un justificatif d\u2019identit\u00e9 valide sur l\u2019adresse email suivante : <a href=\"mailio:contact@itcgaming.fr\">contact[a]itcgaming.fr<\/a>.[\/vc_column_text][\/vc_column][\/vc_row]<\/p>\n<\/section>","protected":false},"excerpt":{"rendered":"<p>[vc_row][vc_column][vc_column_text] Protection des Donn\u00e9es Une relation de confiance entre ITCGAMING.FR et ses clients ITCGAMING.FR existe gr\u00e2ce \u00e0 ses partenaires cl\u00e9s \u2013 c\u2019est-\u00e0-dire vous, nos clients. Notre concept repose sur la satisfaction et la fid\u00e9lit\u00e9 de nos clients. Sans vous, ITCGAMING.FR n\u2019existerait pas. Ce partenariat englobe, int\u00e8gre et s\u2019articule autour de la fa\u00e7on dont nous traitons [&hellip;]<\/p>\n","protected":false},"author":1,"featured_media":0,"parent":0,"menu_order":0,"comment_status":"closed","ping_status":"closed","template":"page-narrow.php","meta":{"_acf_changed":false,"_exactmetrics_skip_tracking":false,"_exactmetrics_sitenote_active":false,"_exactmetrics_sitenote_note":"","_exactmetrics_sitenote_category":0,"_uf_show_specific_survey":0,"_uf_disable_surveys":false,"footnotes":""},"class_list":["post-4451","page","type-page","status-publish","hentry"],"acf":[],"yoast_head":"<!-- This site is optimized with the Yoast SEO plugin v25.9 - https:\/\/yoast.com\/wordpress\/plugins\/seo\/ -->\n<title>Protection des Donn\u00e9es - ITCGaming.fr<\/title>\n<meta name=\"robots\" content=\"index, follow, max-snippet:-1, max-image-preview:large, max-video-preview:-1\" \/>\n<link rel=\"canonical\" href=\"https:\/\/itcgaming.fr\/?page_id=4451\" \/>\n<meta property=\"og:locale\" content=\"fr_FR\" \/>\n<meta property=\"og:type\" content=\"article\" \/>\n<meta property=\"og:title\" content=\"Protection des Donn\u00e9es - ITCGaming.fr\" \/>\n<meta property=\"og:description\" content=\"[vc_row][vc_column][vc_column_text] Protection des Donn\u00e9es Une relation de confiance entre ITCGAMING.FR et ses clients ITCGAMING.FR existe gr\u00e2ce \u00e0 ses partenaires cl\u00e9s \u2013 c\u2019est-\u00e0-dire vous, nos clients. Notre concept repose sur la satisfaction et la fid\u00e9lit\u00e9 de nos clients. Sans vous, ITCGAMING.FR n\u2019existerait pas. Ce partenariat englobe, int\u00e8gre et s\u2019articule autour de la fa\u00e7on dont nous traitons [&hellip;]\" \/>\n<meta property=\"og:url\" content=\"https:\/\/itcgaming.fr\/?page_id=4451\" \/>\n<meta property=\"og:site_name\" content=\"ITCGaming.fr\" \/>\n<meta property=\"article:modified_time\" content=\"2023-12-16T22:33:43+00:00\" \/>\n<meta name=\"twitter:card\" content=\"summary_large_image\" \/>\n<meta name=\"twitter:label1\" content=\"Dur\u00e9e de lecture estim\u00e9e\" \/>\n\t<meta name=\"twitter:data1\" content=\"9 minutes\" \/>\n<script type=\"application\/ld+json\" class=\"yoast-schema-graph\">{\"@context\":\"https:\/\/schema.org\",\"@graph\":[{\"@type\":\"WebPage\",\"@id\":\"https:\/\/itcgaming.fr\/?page_id=4451\",\"url\":\"https:\/\/itcgaming.fr\/?page_id=4451\",\"name\":\"Protection des Donn\u00e9es - ITCGaming.fr\",\"isPartOf\":{\"@id\":\"https:\/\/itcgaming.fr\/#website\"},\"datePublished\":\"2023-12-16T21:35:19+00:00\",\"dateModified\":\"2023-12-16T22:33:43+00:00\",\"breadcrumb\":{\"@id\":\"https:\/\/itcgaming.fr\/?page_id=4451#breadcrumb\"},\"inLanguage\":\"fr-FR\",\"potentialAction\":[{\"@type\":\"ReadAction\",\"target\":[\"https:\/\/itcgaming.fr\/?page_id=4451\"]}]},{\"@type\":\"BreadcrumbList\",\"@id\":\"https:\/\/itcgaming.fr\/?page_id=4451#breadcrumb\",\"itemListElement\":[{\"@type\":\"ListItem\",\"position\":1,\"name\":\"Accueil\",\"item\":\"https:\/\/itcgaming.fr\/\"},{\"@type\":\"ListItem\",\"position\":2,\"name\":\"Protection des Donn\u00e9es\"}]},{\"@type\":\"WebSite\",\"@id\":\"https:\/\/itcgaming.fr\/#website\",\"url\":\"https:\/\/itcgaming.fr\/\",\"name\":\"ITCGaming.fr\",\"description\":\"A vous de Jou\u00e9e !\",\"potentialAction\":[{\"@type\":\"SearchAction\",\"target\":{\"@type\":\"EntryPoint\",\"urlTemplate\":\"https:\/\/itcgaming.fr\/?s={search_term_string}\"},\"query-input\":{\"@type\":\"PropertyValueSpecification\",\"valueRequired\":true,\"valueName\":\"search_term_string\"}}],\"inLanguage\":\"fr-FR\"}]}<\/script>\n<!-- \/ Yoast SEO plugin. -->","yoast_head_json":{"title":"Protection des Donn\u00e9es - ITCGaming.fr","robots":{"index":"index","follow":"follow","max-snippet":"max-snippet:-1","max-image-preview":"max-image-preview:large","max-video-preview":"max-video-preview:-1"},"canonical":"https:\/\/itcgaming.fr\/?page_id=4451","og_locale":"fr_FR","og_type":"article","og_title":"Protection des Donn\u00e9es - ITCGaming.fr","og_description":"[vc_row][vc_column][vc_column_text] Protection des Donn\u00e9es Une relation de confiance entre ITCGAMING.FR et ses clients ITCGAMING.FR existe gr\u00e2ce \u00e0 ses partenaires cl\u00e9s \u2013 c\u2019est-\u00e0-dire vous, nos clients. Notre concept repose sur la satisfaction et la fid\u00e9lit\u00e9 de nos clients. Sans vous, ITCGAMING.FR n\u2019existerait pas. Ce partenariat englobe, int\u00e8gre et s\u2019articule autour de la fa\u00e7on dont nous traitons [&hellip;]","og_url":"https:\/\/itcgaming.fr\/?page_id=4451","og_site_name":"ITCGaming.fr","article_modified_time":"2023-12-16T22:33:43+00:00","twitter_card":"summary_large_image","twitter_misc":{"Dur\u00e9e de lecture estim\u00e9e":"9 minutes"},"schema":{"@context":"https:\/\/schema.org","@graph":[{"@type":"WebPage","@id":"https:\/\/itcgaming.fr\/?page_id=4451","url":"https:\/\/itcgaming.fr\/?page_id=4451","name":"Protection des Donn\u00e9es - ITCGaming.fr","isPartOf":{"@id":"https:\/\/itcgaming.fr\/#website"},"datePublished":"2023-12-16T21:35:19+00:00","dateModified":"2023-12-16T22:33:43+00:00","breadcrumb":{"@id":"https:\/\/itcgaming.fr\/?page_id=4451#breadcrumb"},"inLanguage":"fr-FR","potentialAction":[{"@type":"ReadAction","target":["https:\/\/itcgaming.fr\/?page_id=4451"]}]},{"@type":"BreadcrumbList","@id":"https:\/\/itcgaming.fr\/?page_id=4451#breadcrumb","itemListElement":[{"@type":"ListItem","position":1,"name":"Accueil","item":"https:\/\/itcgaming.fr\/"},{"@type":"ListItem","position":2,"name":"Protection des Donn\u00e9es"}]},{"@type":"WebSite","@id":"https:\/\/itcgaming.fr\/#website","url":"https:\/\/itcgaming.fr\/","name":"ITCGaming.fr","description":"A vous de Jou\u00e9e !","potentialAction":[{"@type":"SearchAction","target":{"@type":"EntryPoint","urlTemplate":"https:\/\/itcgaming.fr\/?s={search_term_string}"},"query-input":{"@type":"PropertyValueSpecification","valueRequired":true,"valueName":"search_term_string"}}],"inLanguage":"fr-FR"}]}},"jetpack_sharing_enabled":true,"_links":{"self":[{"href":"https:\/\/itcgaming.fr\/index.php?rest_route=\/wp\/v2\/pages\/4451","targetHints":{"allow":["GET"]}}],"collection":[{"href":"https:\/\/itcgaming.fr\/index.php?rest_route=\/wp\/v2\/pages"}],"about":[{"href":"https:\/\/itcgaming.fr\/index.php?rest_route=\/wp\/v2\/types\/page"}],"author":[{"embeddable":true,"href":"https:\/\/itcgaming.fr\/index.php?rest_route=\/wp\/v2\/users\/1"}],"replies":[{"embeddable":true,"href":"https:\/\/itcgaming.fr\/index.php?rest_route=%2Fwp%2Fv2%2Fcomments&post=4451"}],"version-history":[{"count":11,"href":"https:\/\/itcgaming.fr\/index.php?rest_route=\/wp\/v2\/pages\/4451\/revisions"}],"predecessor-version":[{"id":4466,"href":"https:\/\/itcgaming.fr\/index.php?rest_route=\/wp\/v2\/pages\/4451\/revisions\/4466"}],"wp:attachment":[{"href":"https:\/\/itcgaming.fr\/index.php?rest_route=%2Fwp%2Fv2%2Fmedia&parent=4451"}],"curies":[{"name":"wp","href":"https:\/\/api.w.org\/{rel}","templated":true}]}}